{"id":14,"date":"2023-09-03T13:40:47","date_gmt":"2023-09-03T13:40:47","guid":{"rendered":"http:\/\/goodnightfilm.com\/moon\/?page_id=14"},"modified":"2024-07-30T13:16:24","modified_gmt":"2024-07-30T13:16:24","slug":"about","status":"publish","type":"page","link":"http:\/\/goodnightfilm.com\/moon\/about\/","title":{"rendered":"About"},"content":{"rendered":"\n<p class=\"has-small-font-size\"><strong>SPECS <\/strong>| 75 min | film essay | color + B&amp;W | english &amp; spanish w\/ subtitles<\/p>\n\n\n\n<p class=\"has-small-font-size\"><strong>LOG LINE <\/strong>| A forlorn filmmaker reinterprets his missteps as a surreal motovlog, reflecting upon displacement and identity. A.D. Calvo directs himself in this meta docufiction hybrid using a blend of affective memoir and personal memento mori.<\/p>\n\n\n\n<p class=\"has-small-font-size\"><strong>BRIEF SYNOPSIS<\/strong> | Genre filmmaker A.D. Calvo embarks on a surreal motovlog journey with his Royal Enfield, delving into his deep-seated anxieties and buried Latin past. Riding through graveyards, he offers a voyeuristic exploration of his lonesome path through feature filmmaking, reinterpreting his filmography as episodes for an otherworldly web series. &#8216;Let the Moon Be My Moon&#8217; is a DIY docufiction that unfolds like a reverie, blurring the lines between reality and Calvo&#8217;s fears, obsessions, and dreams. This honest self-portrait poses the question: Is creating art worthwhile, even if few will see it?<\/p>\n\n\n\n<p class=\"has-small-font-size\"><strong>SYNOPSIS<\/strong> | After a decade of cinematic shortfalls, genre filmmaker A.D. Calvo embarks on a journey of self-discovery. Armed with a GoPro, an iPhone and a stellar black Royal Enfield, Calvo tries his hand at creating a surreal motovlog. He rides through graveyards meditating on the past, coming to grips with his identity as a filmmaker, a son, and a displaced Latino. Haunted by the memory of his father, Calvo turns the lens inward giving us a voyeuristic look into his deep-seated anxieties, otherworldly inspirations, and his lonesome path through feature filmmaking. Calvo reinterprets his filmography as episodes on the newly minted channel, &#8220;By the Wayside.&#8221; Using riding as a metaphor for filmmaking, he searches for the meaning behind the films. His interests, obsessions, and fantasies converge into one another in this DIY hybrid \/ docufiction made over the course of a year. While the film bows to the spirit of uninhibited cin\u00e9ma-v\u00e9rit\u00e9 it also integrates the fantastical, creating a free-flowing self-portrait that unfolds like a reverie. The result is an onion skin that peels itself back to reveal a myopic director searching for his creative center. His reflections unite in a whimsical third act, melding the late-blooming auteur\u2019s elusive personas. \u201cLet the Moon Be My Moon\u201d is an honest look at a forlorn filmmaker who poses the question: Is it worth creating art, even if few will see it?<\/p>\n\n\n\n<p class=\"has-small-font-size\"><strong>EN ESPA\u00d1OL<\/strong> | \u201cDeja que la luna sea mi luna\u201d | Un cineasta triste reinterpreta sus defectos como un motovlog surrealista que reflexiona sobre el desplazamiento y la identidad. A.D. Calvo se dirige a s\u00ed mismo en este h\u00edbrido de metadocuficci\u00f3n utilizando una mezcla de memorias afectivas y memento mori personal.<\/p>\n\n\n\n<p class=\"has-small-font-size\">Despu\u00e9s de una d\u00e9cada de deficiencias cinematogr\u00e1ficas, el cineasta de g\u00e9nero A.D. Calvo se embarca en un viaje de autodescubrimiento. Armado con una GoPro, un iPhone y una Royal Enfield negra estelar, Calvo intenta crear un motovlog surrealista. El anda a trav\u00e9s de cementerios meditando sobre el pasado, afrontando su identidad como cineasta, hijo y latino desplazado. Atormentado por el recuerdo de su padre, Calvo dirige el lente hacia adentro y nos brinda una mirada voyeurista a sus ansiedades profundamente arraigadas, inspiraciones de otro mundo y su camino solitario a trav\u00e9s de la realizaci\u00f3n de largometrajes. Calvo reinterpreta su filmograf\u00eda como episodios del nuevo canal, &#8220;By the Wayside&#8221;. Usando la equitaci\u00f3n como met\u00e1fora del cine, busca el significado detr\u00e1s de las pel\u00edculas. Sus intereses, obsesiones y fantas\u00edas confluyen en este h\u00edbrido\/docuficci\u00f3n DIY realizado a lo largo de un a\u00f1o. Si bien la pel\u00edcula se inclina hacia el esp\u00edritu de la cin\u00e9ma-v\u00e9rit\u00e9 desinhibida, tambi\u00e9n integra lo fant\u00e1stico, creando un autorretrato fluido que se desarrolla como un ensue\u00f1o. El resultado es una piel de cebolla que se despega para revelar a un director miope en busca de su centro creativo. Sus reflexiones se unen en un caprichoso tercer acto, fusionando las escurridizas personalidades del naciente autor. \u201cLet the Moon Be My Moon\u201d es una mirada honesta a un cineasta desolado que plantea la pregunta: \u00bfVale la pena crear arte, incluso si pocos lo ver\u00e1n?<\/p>\n\n\n\n<p class=\"has-small-font-size\"><strong>EM PORTUGU\u00caS<\/strong> | \u201cDeixe que a lua seja a minha lua\u201c | Um cineasta triste reinterpreta suas falhas como um motovlog surreal que reflete sobre deslocamento e identidade. A.D. Calvo se dirige nesse h\u00edbrido de metadocufic\u00e7\u00e3o utilizando uma mistura de mem\u00f3rias afetivas e memento mori pessoal.<\/p>\n\n\n\n<p class=\"has-small-font-size\">Ap\u00f3s uma d\u00e9cada de defici\u00eancias cinematogr\u00e1ficas, o cineasta de g\u00eanero A.D. Calvo embarca em uma jornada de autodescoberta. Armado com uma GoPro, um iPhone e um Royal Enfield preto estelar, Calvo tenta criar um motovlog surreal. Ele anda pelos cemit\u00e9rios meditando sobre o passado, confrontando sua identidade de cineasta, filho e latino deslocado. Assombrado pela mem\u00f3ria de seu pai, Calvo vira a lente para dentro, dando-nos um olhar voyeurista sobre suas ansiedades profundas, inspira\u00e7\u00f5es sobrenaturais e seu caminho solit\u00e1rio no cinema. Calvo reinterpreta sua filmografia como epis\u00f3dios do novo canal, \u201cBy the Wayside\u201d. Usando a cavalgada como met\u00e1fora do cinema, ele busca o sentido dos filmes. Seus interesses, obsess\u00f5es e fantasias se unem nesta docu-fic\u00e7\u00e3o h\u00edbrida\/fa\u00e7a voc\u00ea mesmo, feita ao longo de um ano. Embora o filme se incline para o esp\u00edrito do cin\u00e9ma-v\u00e9rit\u00e9 desinibido, tamb\u00e9m integra o fant\u00e1stico, criando um autorretrato fluido que se desenrola como um sonho. O resultado \u00e9 uma casca de cebola que se descasca para revelar um diretor m\u00edope em busca de seu centro criativo. Suas reflex\u00f5es se unem em um terceiro ato caprichoso, fundindo as personalidades indescrit\u00edveis do autor nascente. \u201cLet the Moon Be My Moon\u201d \u00e9 um olhar honesto sobre um cineasta devastado que faz a pergunta: vale a pena criar arte, mesmo que poucos a vejam?<\/p>\n\n\n\n<p class=\"has-text-align-center has-custom-dark-cyan-color has-text-color has-link-color has-small-font-size wp-elements-e3f4ea50527a1f284e968b2a32241a23\">\u00a9 2024 Goodnight Film LLC<\/p>\n","protected":false},"excerpt":{"rendered":"<p>SPECS | 75 min | film essay | color + B&amp;W | english &amp; spanish w\/ subtitles LOG LINE | A forlorn filmmaker reinterprets his missteps as a surreal motovlog, reflecting upon displacement and identity. A.D. Calvo directs himself in this meta docufiction hybrid using a blend of affective memoir and personal memento mori. BRIEF [&hellip;]<\/p>\n","protected":false},"author":1,"featured_media":0,"parent":0,"menu_order":1,"comment_status":"closed","ping_status":"closed","template":"","meta":{"footnotes":""},"class_list":["post-14","page","type-page","status-publish","hentry"],"yoast_head":"<!-- This site is optimized with the Yoast SEO plugin v27.3 - https:\/\/yoast.com\/product\/yoast-seo-wordpress\/ -->\n<title>About - LET THE MOON BE MY MOON<\/title>\n<meta name=\"robots\" content=\"index, follow, max-snippet:-1, max-image-preview:large, max-video-preview:-1\" \/>\n<link rel=\"canonical\" href=\"http:\/\/goodnightfilm.com\/moon\/about\/\" \/>\n<meta property=\"og:locale\" content=\"en_US\" \/>\n<meta property=\"og:type\" content=\"article\" \/>\n<meta property=\"og:title\" content=\"About - LET THE MOON BE MY MOON\" \/>\n<meta property=\"og:description\" content=\"SPECS | 75 min | film essay | color + B&amp;W | english &amp; spanish w\/ subtitles LOG LINE | A forlorn filmmaker reinterprets his missteps as a surreal motovlog, reflecting upon displacement and identity. A.D. Calvo directs himself in this meta docufiction hybrid using a blend of affective memoir and personal memento mori. BRIEF [&hellip;]\" \/>\n<meta property=\"og:url\" content=\"http:\/\/goodnightfilm.com\/moon\/about\/\" \/>\n<meta property=\"og:site_name\" content=\"LET THE MOON BE MY MOON\" \/>\n<meta property=\"article:publisher\" content=\"https:\/\/www.facebook.com\/goodnightfilm\" \/>\n<meta property=\"article:modified_time\" content=\"2024-07-30T13:16:24+00:00\" \/>\n<meta name=\"twitter:card\" content=\"summary_large_image\" \/>\n<meta name=\"twitter:label1\" content=\"Est. reading time\" \/>\n\t<meta name=\"twitter:data1\" content=\"5 minutes\" \/>\n<script type=\"application\/ld+json\" class=\"yoast-schema-graph\">{\"@context\":\"https:\\\/\\\/schema.org\",\"@graph\":[{\"@type\":\"WebPage\",\"@id\":\"http:\\\/\\\/goodnightfilm.com\\\/moon\\\/about\\\/\",\"url\":\"http:\\\/\\\/goodnightfilm.com\\\/moon\\\/about\\\/\",\"name\":\"About - LET THE MOON BE MY MOON\",\"isPartOf\":{\"@id\":\"http:\\\/\\\/goodnightfilm.com\\\/moon\\\/#website\"},\"datePublished\":\"2023-09-03T13:40:47+00:00\",\"dateModified\":\"2024-07-30T13:16:24+00:00\",\"breadcrumb\":{\"@id\":\"http:\\\/\\\/goodnightfilm.com\\\/moon\\\/about\\\/#breadcrumb\"},\"inLanguage\":\"en\",\"potentialAction\":[{\"@type\":\"ReadAction\",\"target\":[\"http:\\\/\\\/goodnightfilm.com\\\/moon\\\/about\\\/\"]}]},{\"@type\":\"BreadcrumbList\",\"@id\":\"http:\\\/\\\/goodnightfilm.com\\\/moon\\\/about\\\/#breadcrumb\",\"itemListElement\":[{\"@type\":\"ListItem\",\"position\":1,\"name\":\"Home\",\"item\":\"http:\\\/\\\/goodnightfilm.com\\\/moon\\\/\"},{\"@type\":\"ListItem\",\"position\":2,\"name\":\"About\"}]},{\"@type\":\"WebSite\",\"@id\":\"http:\\\/\\\/goodnightfilm.com\\\/moon\\\/#website\",\"url\":\"http:\\\/\\\/goodnightfilm.com\\\/moon\\\/\",\"name\":\"LET THE MOON BE MY MOON\",\"description\":\"handmade by A.D. Calvo\",\"publisher\":{\"@id\":\"http:\\\/\\\/goodnightfilm.com\\\/moon\\\/#organization\"},\"potentialAction\":[{\"@type\":\"SearchAction\",\"target\":{\"@type\":\"EntryPoint\",\"urlTemplate\":\"http:\\\/\\\/goodnightfilm.com\\\/moon\\\/?s={search_term_string}\"},\"query-input\":{\"@type\":\"PropertyValueSpecification\",\"valueRequired\":true,\"valueName\":\"search_term_string\"}}],\"inLanguage\":\"en\"},{\"@type\":\"Organization\",\"@id\":\"http:\\\/\\\/goodnightfilm.com\\\/moon\\\/#organization\",\"name\":\"Goodnight Film\",\"url\":\"http:\\\/\\\/goodnightfilm.com\\\/moon\\\/\",\"logo\":{\"@type\":\"ImageObject\",\"inLanguage\":\"en\",\"@id\":\"http:\\\/\\\/goodnightfilm.com\\\/moon\\\/#\\\/schema\\\/logo\\\/image\\\/\",\"url\":\"http:\\\/\\\/goodnightfilm.com\\\/moon\\\/wp-content\\\/uploads\\\/2023\\\/09\\\/IMG_1669.png\",\"contentUrl\":\"http:\\\/\\\/goodnightfilm.com\\\/moon\\\/wp-content\\\/uploads\\\/2023\\\/09\\\/IMG_1669.png\",\"width\":450,\"height\":378,\"caption\":\"Goodnight Film\"},\"image\":{\"@id\":\"http:\\\/\\\/goodnightfilm.com\\\/moon\\\/#\\\/schema\\\/logo\\\/image\\\/\"},\"sameAs\":[\"https:\\\/\\\/www.facebook.com\\\/goodnightfilm\"]}]}<\/script>\n<!-- \/ Yoast SEO plugin. -->","yoast_head_json":{"title":"About - LET THE MOON BE MY MOON","robots":{"index":"index","follow":"follow","max-snippet":"max-snippet:-1","max-image-preview":"max-image-preview:large","max-video-preview":"max-video-preview:-1"},"canonical":"http:\/\/goodnightfilm.com\/moon\/about\/","og_locale":"en_US","og_type":"article","og_title":"About - LET THE MOON BE MY MOON","og_description":"SPECS | 75 min | film essay | color + B&amp;W | english &amp; spanish w\/ subtitles LOG LINE | A forlorn filmmaker reinterprets his missteps as a surreal motovlog, reflecting upon displacement and identity. A.D. Calvo directs himself in this meta docufiction hybrid using a blend of affective memoir and personal memento mori. BRIEF [&hellip;]","og_url":"http:\/\/goodnightfilm.com\/moon\/about\/","og_site_name":"LET THE MOON BE MY MOON","article_publisher":"https:\/\/www.facebook.com\/goodnightfilm","article_modified_time":"2024-07-30T13:16:24+00:00","twitter_card":"summary_large_image","twitter_misc":{"Est. reading time":"5 minutes"},"schema":{"@context":"https:\/\/schema.org","@graph":[{"@type":"WebPage","@id":"http:\/\/goodnightfilm.com\/moon\/about\/","url":"http:\/\/goodnightfilm.com\/moon\/about\/","name":"About - LET THE MOON BE MY MOON","isPartOf":{"@id":"http:\/\/goodnightfilm.com\/moon\/#website"},"datePublished":"2023-09-03T13:40:47+00:00","dateModified":"2024-07-30T13:16:24+00:00","breadcrumb":{"@id":"http:\/\/goodnightfilm.com\/moon\/about\/#breadcrumb"},"inLanguage":"en","potentialAction":[{"@type":"ReadAction","target":["http:\/\/goodnightfilm.com\/moon\/about\/"]}]},{"@type":"BreadcrumbList","@id":"http:\/\/goodnightfilm.com\/moon\/about\/#breadcrumb","itemListElement":[{"@type":"ListItem","position":1,"name":"Home","item":"http:\/\/goodnightfilm.com\/moon\/"},{"@type":"ListItem","position":2,"name":"About"}]},{"@type":"WebSite","@id":"http:\/\/goodnightfilm.com\/moon\/#website","url":"http:\/\/goodnightfilm.com\/moon\/","name":"LET THE MOON BE MY MOON","description":"handmade by A.D. Calvo","publisher":{"@id":"http:\/\/goodnightfilm.com\/moon\/#organization"},"potentialAction":[{"@type":"SearchAction","target":{"@type":"EntryPoint","urlTemplate":"http:\/\/goodnightfilm.com\/moon\/?s={search_term_string}"},"query-input":{"@type":"PropertyValueSpecification","valueRequired":true,"valueName":"search_term_string"}}],"inLanguage":"en"},{"@type":"Organization","@id":"http:\/\/goodnightfilm.com\/moon\/#organization","name":"Goodnight Film","url":"http:\/\/goodnightfilm.com\/moon\/","logo":{"@type":"ImageObject","inLanguage":"en","@id":"http:\/\/goodnightfilm.com\/moon\/#\/schema\/logo\/image\/","url":"http:\/\/goodnightfilm.com\/moon\/wp-content\/uploads\/2023\/09\/IMG_1669.png","contentUrl":"http:\/\/goodnightfilm.com\/moon\/wp-content\/uploads\/2023\/09\/IMG_1669.png","width":450,"height":378,"caption":"Goodnight Film"},"image":{"@id":"http:\/\/goodnightfilm.com\/moon\/#\/schema\/logo\/image\/"},"sameAs":["https:\/\/www.facebook.com\/goodnightfilm"]}]}},"_links":{"self":[{"href":"http:\/\/goodnightfilm.com\/moon\/wp-json\/wp\/v2\/pages\/14","targetHints":{"allow":["GET"]}}],"collection":[{"href":"http:\/\/goodnightfilm.com\/moon\/wp-json\/wp\/v2\/pages"}],"about":[{"href":"http:\/\/goodnightfilm.com\/moon\/wp-json\/wp\/v2\/types\/page"}],"author":[{"embeddable":true,"href":"http:\/\/goodnightfilm.com\/moon\/wp-json\/wp\/v2\/users\/1"}],"replies":[{"embeddable":true,"href":"http:\/\/goodnightfilm.com\/moon\/wp-json\/wp\/v2\/comments?post=14"}],"version-history":[{"count":59,"href":"http:\/\/goodnightfilm.com\/moon\/wp-json\/wp\/v2\/pages\/14\/revisions"}],"predecessor-version":[{"id":1000,"href":"http:\/\/goodnightfilm.com\/moon\/wp-json\/wp\/v2\/pages\/14\/revisions\/1000"}],"wp:attachment":[{"href":"http:\/\/goodnightfilm.com\/moon\/wp-json\/wp\/v2\/media?parent=14"}],"curies":[{"name":"wp","href":"https:\/\/api.w.org\/{rel}","templated":true}]}}